{"id":239,"date":"2024-09-06T10:51:15","date_gmt":"2024-09-06T10:51:15","guid":{"rendered":"https:\/\/lanovapremsa.com\/politicas-de-cookies\/"},"modified":"2024-10-10T12:46:41","modified_gmt":"2024-10-10T12:46:41","slug":"politicas-de-cookies","status":"publish","type":"page","link":"https:\/\/lanovapremsa.com\/es\/politicas-de-cookies\/","title":{"rendered":"Pol\u00edticas de cookies"},"content":{"rendered":"\n<h2 class=\"wp-block-heading\"><strong>POL\u00cdTICA DE COOKIES<\/strong><\/h2>\n\n<p><strong>lanovaprensa.com<\/strong><\/p>\n\n<p>El acceso a este sitio web puede implicar la utilizaci\u00f3n de cookies. Las cookies son peque\u00f1as cantidades de informaci\u00f3n que se almacenan en el navegador utilizado por cada usuario -en los diferentes dispositivos que pueda utilizar para navegar- para que el servidor recuerde cierta informaci\u00f3n que posteriormente y \u00fanicamente el servidor que las implement\u00f3 leer\u00e1. Las cookies facilitan la navegaci\u00f3n, la hacen m\u00e1s amigable y no da\u00f1an el dispositivo de navegaci\u00f3n.  <\/p>\n\n<p>Las cookies son procedimientos autom\u00e1ticos de recogida de informaci\u00f3n relativa a las preferencias determinadas por el usuario durante su visita al sitio web con el fin de reconocerle como usuario, y personalizar su experiencia y uso del sitio web. Tambi\u00e9n pueden ayudar, por ejemplo, a identificar y resolver errores. <\/p>\n\n<p>La informaci\u00f3n recogida a trav\u00e9s de las cookies puede incluir la fecha y hora de las visitas al sitio web, las p\u00e1ginas visualizadas, el tiempo que ha estado en el sitio web y los sitios visitados justo antes y despu\u00e9s del mismo. Sin embargo, ninguna cookie permite que se pueda contactar con el n\u00famero de tel\u00e9fono del usuario o con cualquier otro medio de contacto personal. Ninguna cookie puede extraer informaci\u00f3n del disco duro del usuario ni robar informaci\u00f3n personal. La \u00fanica forma de que la informaci\u00f3n privada del usuario forme parte del archivo cookie es que el usuario proporcione personalmente esta informaci\u00f3n al servidor.   <\/p>\n\n<p>Las cookies que permiten identificar a una persona se consideran datos personales. Por tanto, les ser\u00e1 de aplicaci\u00f3n la Pol\u00edtica de Privacidad anteriormente descrita. En este sentido, para la utilizaci\u00f3n de las mismas ser\u00e1 necesario el consentimiento del usuario. Este consentimiento ser\u00e1 comunicado, basado en una elecci\u00f3n aut\u00e9ntica, ofrecido mediante decisi\u00f3n afirmativa y positiva, antes del tratamiento inicial, y ser\u00e1 revocable y documentado.   <\/p>\n\n<hr class=\"wp-block-separator has-alpha-channel-opacity\"\/>\n\n<p><strong>Cookies propias<\/strong><\/p>\n\n<p>Son aquellas cookies que se env\u00edan al ordenador o dispositivo del usuario y gestionadas exclusivamente por Carrer de la Torreta, 7 SANT PERE DE RIBES para el mejor funcionamiento del sitio web. La informaci\u00f3n recogida se utiliza para mejorar la calidad del sitio web, su contenido y la experiencia del usuario. Estas cookies permiten reconocer al usuario como visitante recurrente del sitio web y adaptar el contenido para ofrecerle contenidos que se ajusten a sus preferencias.  <\/p>\n\n<p><strong>Cookies de terceros<\/strong><\/p>\n\n<p>Son cookies utilizadas y gestionadas por entidades externas que proporcionan a Carrer de la Torreta, 7 SANT PERE DE RIBES servicios solicitados por este mismo para mejorar el sitio web y la experiencia del usuario al navegar por el sitio web. Los principales objetivos para los que se utilizan cookies de terceros son la obtenci\u00f3n de estad\u00edsticas de accesos y analizar la informaci\u00f3n de la navegaci\u00f3n, es decir, c\u00f3mo interact\u00faa el usuario con el sitio web. <\/p>\n\n<p>La informaci\u00f3n que se obtiene se refiere, por ejemplo, al n\u00famero de p\u00e1ginas visitadas, el idioma, el sitio desde el que accede el usuario, el n\u00famero de usuarios que acceden, la frecuencia y reincidencia de las visitas, el tiempo de visita, el navegador que utilizan, el operador o tipo de dispositivo desde el que se realiza la visita. Esta informaci\u00f3n se utiliza para mejorar el sitio web y detectar nuevas necesidades para ofrecer a los usuarios un contenido y\/o servicio de calidad \u00f3ptima. En cualquier caso, la informaci\u00f3n se recopila de forma an\u00f3nima y se elaboran informes de tendencias del sitio web sin identificar a los usuarios individuales.  <\/p>\n\n<p>Puedes obtener m\u00e1s informaci\u00f3n sobre las cookies, la informaci\u00f3n sobre la privacidad, o consultar la descripci\u00f3n del tipo de cookies que se utilizan, sus principales caracter\u00edsticas, per\u00edodo de expiraci\u00f3n, etc., en los siguientes enlaces:<\/p>\n\n<p><strong>Google Analytics:<\/strong> <a>https:\/\/developers.google.com\/analytics<\/a><\/p>\n","protected":false},"excerpt":{"rendered":"<p>POL\u00cdTICA DE COOKIES lanovaprensa.com El acceso a este sitio web puede implicar la utilizaci\u00f3n de cookies. Las cookies son peque\u00f1as cantidades de informaci\u00f3n que se almacenan<span class=\"excerpt-hellip\"> [\u2026]<\/span><\/p>\n","protected":false},"author":1,"featured_media":0,"parent":0,"menu_order":0,"comment_status":"closed","ping_status":"closed","template":"","meta":{"om_disable_all_campaigns":false,"_monsterinsights_skip_tracking":false,"_monsterinsights_sitenote_active":false,"_monsterinsights_sitenote_note":"","_monsterinsights_sitenote_category":0,"footnotes":""},"class_list":["post-239","page","type-page","status-publish","hentry"],"aioseo_notices":[],"_links":{"self":[{"href":"https:\/\/lanovapremsa.com\/es\/wp-json\/wp\/v2\/pages\/239","targetHints":{"allow":["GET"]}}],"collection":[{"href":"https:\/\/lanovapremsa.com\/es\/wp-json\/wp\/v2\/pages"}],"about":[{"href":"https:\/\/lanovapremsa.com\/es\/wp-json\/wp\/v2\/types\/page"}],"author":[{"embeddable":true,"href":"https:\/\/lanovapremsa.com\/es\/wp-json\/wp\/v2\/users\/1"}],"replies":[{"embeddable":true,"href":"https:\/\/lanovapremsa.com\/es\/wp-json\/wp\/v2\/comments?post=239"}],"version-history":[{"count":2,"href":"https:\/\/lanovapremsa.com\/es\/wp-json\/wp\/v2\/pages\/239\/revisions"}],"predecessor-version":[{"id":243,"href":"https:\/\/lanovapremsa.com\/es\/wp-json\/wp\/v2\/pages\/239\/revisions\/243"}],"wp:attachment":[{"href":"https:\/\/lanovapremsa.com\/es\/wp-json\/wp\/v2\/media?parent=239"}],"curies":[{"name":"wp","href":"https:\/\/api.w.org\/{rel}","templated":true}]}}